{"id":236,"date":"2018-08-18T16:00:01","date_gmt":"2018-08-18T16:00:01","guid":{"rendered":"https:\/\/egyedi.eu\/hatn2\/?page_id=236"},"modified":"2018-08-18T16:10:17","modified_gmt":"2018-08-18T16:10:17","slug":"arak-egyedi-konyoklo","status":"publish","type":"page","link":"https:\/\/egyedi.eu\/hatn\/egyedi-konyoklo\/arak-egyedi-konyoklo\/","title":{"rendered":"\u00c1rak &#8211; Egyedi k\u00f6ny\u00f6kl\u0151"},"content":{"rendered":"<div class=\"supsystic-table-loader spinner\" style=\"background-color: #000000\"><\/div><div id=\"supsystic-table-7_1547\" class=\"supsystic-tables-wrap \" style=\" width: 400px; visibility: hidden; \" data-table-width-mobile=\"100%\" ><table id=\"supsystic-table-7\" class=\"supsystic-table compact border hover lightboxImg cell-border \" data-id=\"7\" data-view-id=\"7_1547\" data-title=\"\u00c1rak egyedi k\u00f6ny\u00f6kl\u0151\" data-currency-format=\"$1,000.00\" data-percent-format=\"10.00%\" data-date-format=\"DD.MM.YYYY\" data-time-format=\"HH:mm\" data-features=\"[&quot;after_table_loaded_script&quot;]\" data-lightbox-img=\"\" data-head-rows-count=\"1\" data-pagination-length=\"50,100,All\" data-auto-index=\"off\" data-searching-settings=\"{&quot;minChars&quot;:&quot;0&quot;}\" data-lang=\"default\" data-override=\"{&quot;emptyTable&quot;:&quot;&quot;,&quot;info&quot;:&quot;&quot;,&quot;infoEmpty&quot;:&quot;&quot;,&quot;infoFiltered&quot;:&quot;&quot;,&quot;lengthMenu&quot;:&quot;&quot;,&quot;search&quot;:&quot;&quot;,&quot;zeroRecords&quot;:&quot;&quot;,&quot;exportLabel&quot;:&quot;&quot;,&quot;file&quot;:&quot;default&quot;}\" data-merged=\"[]\" data-responsive-mode=\"0\" data-from-history=\"0\" ><caption><div class=\"table-desc\">Az \u00e1rak az \u00e1f\u00e1t nem tartalmazz\u00e1k, \u00e9s Ft\/db \u00e1ron \u00e9rtend\u0151k.<\/div><\/caption><thead><tr><th style=\"width:51.6779%; padding: 0 !important;\"><\/th><th style=\"width:48.3221%; padding: 0 !important;\"><\/th><\/tr><\/thead><tbody><tr ><td data-cell-id=\"A1\" data-x=\"0\" data-y=\"1\" class=\"bg-beffa8\" data-cell-type=\"text\" data-original-value=\"1 db\" data-order=\"1 db\" style=\"min-width: 51.6779%; width: 51.6779%;\" > 1 db <\/td><td data-cell-id=\"B1\" data-x=\"1\" data-y=\"1\" class=\"\" data-cell-type=\"text\" data-original-value=\"12 000\" data-order=\"12 000\" style=\"min-width: 48.3221%; width: 48.3221%;\" > 12 000 <\/td><\/tr><tr ><td data-cell-id=\"A2\" data-x=\"0\" data-y=\"2\" class=\"bg-beffa8\" data-cell-type=\"text\" data-original-value=\"2 db\" data-order=\"2 db\" > 2 db <\/td><td data-cell-id=\"B2\" data-x=\"1\" data-y=\"2\" class=\"\" data-cell-type=\"text\" data-original-value=\"10 000\" data-order=\"10 000\" > 10 000 <\/td><\/tr><tr ><td data-cell-id=\"A3\" data-x=\"0\" data-y=\"3\" class=\"bg-beffa8\" data-cell-type=\"text\" data-original-value=\"3 db\" data-order=\"3 db\" > 3 db <\/td><td data-cell-id=\"B3\" data-x=\"1\" data-y=\"3\" class=\"\" data-cell-type=\"text\" data-original-value=\"9000\" data-order=\"9000\" > 9000 <\/td><\/tr><tr ><td data-cell-id=\"A4\" data-x=\"0\" data-y=\"4\" class=\"bg-beffa8\" data-cell-type=\"text\" data-original-value=\"5 db\" data-order=\"5 db\" > 5 db <\/td><td data-cell-id=\"B4\" data-x=\"1\" data-y=\"4\" class=\"\" data-cell-type=\"text\" data-cell-format-type=\"number\" data-original-value=\"8500\" data-order=\"8500\" > 8500 <\/td><\/tr><tr ><td data-cell-id=\"A5\" data-x=\"0\" data-y=\"5\" class=\"bg-beffa8\" data-cell-type=\"text\" data-original-value=\"10 db\" data-order=\"10 db\" > 10 db <\/td><td data-cell-id=\"B5\" data-x=\"1\" data-y=\"5\" class=\"\" data-cell-type=\"text\" data-cell-format-type=\"number\" data-original-value=\"8000\" data-order=\"8000\" > 8000 <\/td><\/tr><tr ><td data-cell-id=\"A6\" data-x=\"0\" data-y=\"6\" class=\"bg-beffa8\" data-cell-type=\"text\" data-original-value=\"20 db\" data-order=\"20 db\" > 20 db <\/td><td data-cell-id=\"B6\" data-x=\"1\" data-y=\"6\" class=\"\" data-cell-type=\"text\" data-cell-format-type=\"number\" data-original-value=\"7500\" data-order=\"7500\" > 7500 <\/td><\/tr><tr ><td data-cell-id=\"A7\" data-x=\"0\" data-y=\"7\" class=\"bg-beffa8\" data-cell-type=\"text\" data-original-value=\"30 db\" data-order=\"30 db\" > 30 db <\/td><td data-cell-id=\"B7\" data-x=\"1\" data-y=\"7\" class=\"\" data-cell-type=\"text\" data-cell-format-type=\"number\" data-original-value=\"7000\" data-order=\"7000\" > 7000 <\/td><\/tr><tr ><td data-cell-id=\"A8\" data-x=\"0\" data-y=\"8\" class=\"bg-beffa8\" data-cell-type=\"text\" data-original-value=\"50 db\" data-order=\"50 db\" > 50 db <\/td><td data-cell-id=\"B8\" data-x=\"1\" data-y=\"8\" class=\"\" data-cell-type=\"text\" data-cell-format-type=\"number\" data-original-value=\"6500\" data-order=\"6500\" > 6500 <\/td><\/tr><tr ><td data-cell-id=\"A9\" data-x=\"0\" data-y=\"9\" class=\"bg-beffa8\" data-cell-type=\"text\" data-original-value=\"100 db\" data-order=\"100 db\" > 100 db <\/td><td data-cell-id=\"B9\" data-x=\"1\" data-y=\"9\" class=\"\" data-cell-type=\"text\" data-cell-format-type=\"number\" data-original-value=\"6000\" data-order=\"6000\" > 6000 <\/td><\/tr><tr ><td data-cell-id=\"A10\" data-x=\"0\" data-y=\"10\" class=\"bg-beffa8\" data-cell-type=\"text\" data-original-value=\"300 db\" data-order=\"300 db\" > 300 db <\/td><td data-cell-id=\"B10\" data-x=\"1\" data-y=\"10\" class=\"\" data-cell-type=\"text\" data-cell-format-type=\"number\" data-original-value=\"5000\" data-order=\"5000\" > 5000 <\/td><\/tr><tr ><td data-cell-id=\"A11\" data-x=\"0\" data-y=\"11\" class=\"bg-beffa8\" data-cell-type=\"text\" data-original-value=\"500 db\" data-order=\"500 db\" > 500 db <\/td><td data-cell-id=\"B11\" data-x=\"1\" data-y=\"11\" class=\"\" data-cell-type=\"text\" data-cell-format-type=\"number\" data-original-value=\"4000\" data-order=\"4000\" > 4000 <\/td><\/tr><tr ><td data-cell-id=\"A12\" data-x=\"0\" data-y=\"12\" class=\"bg-beffa8\" data-cell-type=\"text\" data-original-value=\"1000 db\" data-order=\"1000 db\" > 1000 db <\/td><td data-cell-id=\"B12\" data-x=\"1\" data-y=\"12\" class=\"\" data-cell-type=\"text\" data-cell-format-type=\"number\" data-original-value=\"3000\" data-order=\"3000\" > 3000 <\/td><\/tr><tr ><td data-cell-id=\"A13\" data-x=\"0\" data-y=\"13\" class=\"bg-beffa8\" data-cell-type=\"text\" data-original-value=\"2000 db\" data-order=\"2000 db\" > 2000 db <\/td><td data-cell-id=\"B13\" data-x=\"1\" data-y=\"13\" class=\"\" data-cell-type=\"text\" data-cell-format-type=\"number\" data-original-value=\"2500\" data-order=\"2500\" > 2500 <\/td><\/tr><tr ><td data-cell-id=\"A14\" data-x=\"0\" data-y=\"14\" class=\"bg-beffa8\" data-cell-type=\"text\" data-original-value=\"5000 db\" data-order=\"5000 db\" > 5000 db <\/td><td data-cell-id=\"B14\" data-x=\"1\" data-y=\"14\" class=\"\" data-cell-type=\"text\" data-cell-format-type=\"number\" data-original-value=\"2000\" data-order=\"2000\" > 2000 <\/td><\/tr><tr ><td data-cell-id=\"A15\" data-x=\"0\" data-y=\"15\" class=\"bg-beffa8\" data-cell-type=\"text\" data-original-value=\"Kisz\u00e1ll\u00edt\u00e1s\" data-order=\"Kisz\u00e1ll\u00edt\u00e1s\" > Kisz\u00e1ll\u00edt\u00e1s <\/td><td data-cell-id=\"B15\" data-x=\"1\" data-y=\"15\" class=\"\" data-cell-type=\"text\" data-original-value=\"+3000 (nagyobb mennyis\u00e9gn\u00e9l egyedi \u00e1r)\" data-order=\"+3000 (nagyobb mennyis\u00e9gn\u00e9l egyedi \u00e1r)\" > +3000 (nagyobb mennyis\u00e9gn\u00e9l egyedi \u00e1r) <\/td><\/tr><\/tbody><\/table><!-- \/#supsystic-table-7.supsystic-table --><\/div><!-- \/.supsystic-tables-wrap --><!-- Tables Generator by Supsystic --><!-- Version: 1.8.8 --><!-- http:\/\/supsystic.com\/ -->\n","protected":false},"excerpt":{"rendered":"","protected":false},"author":1,"featured_media":0,"parent":43,"menu_order":0,"comment_status":"closed","ping_status":"closed","template":"","meta":[],"_links":{"self":[{"href":"https:\/\/egyedi.eu\/hatn\/wp-json\/wp\/v2\/pages\/236"}],"collection":[{"href":"https:\/\/egyedi.eu\/hatn\/wp-json\/wp\/v2\/pages"}],"about":[{"href":"https:\/\/egyedi.eu\/hatn\/wp-json\/wp\/v2\/types\/page"}],"author":[{"embeddable":true,"href":"https:\/\/egyedi.eu\/hatn\/wp-json\/wp\/v2\/users\/1"}],"replies":[{"embeddable":true,"href":"https:\/\/egyedi.eu\/hatn\/wp-json\/wp\/v2\/comments?post=236"}],"version-history":[{"count":2,"href":"https:\/\/egyedi.eu\/hatn\/wp-json\/wp\/v2\/pages\/236\/revisions"}],"predecessor-version":[{"id":239,"href":"https:\/\/egyedi.eu\/hatn\/wp-json\/wp\/v2\/pages\/236\/revisions\/239"}],"up":[{"embeddable":true,"href":"https:\/\/egyedi.eu\/hatn\/wp-json\/wp\/v2\/pages\/43"}],"wp:attachment":[{"href":"https:\/\/egyedi.eu\/hatn\/wp-json\/wp\/v2\/media?parent=236"}],"curies":[{"name":"wp","href":"https:\/\/api.w.org\/{rel}","templated":true}]}}