{"id":37,"date":"2018-08-02T14:43:10","date_gmt":"2018-08-02T14:43:10","guid":{"rendered":"https:\/\/egyedi.eu\/hatn2\/?page_id=37"},"modified":"2021-10-04T11:36:43","modified_gmt":"2021-10-04T11:36:43","slug":"egyedi-hataridonaplo","status":"publish","type":"page","link":"https:\/\/egyedi.eu\/hatn\/egyedi-hataridonaplo\/","title":{"rendered":"Egyedi hat\u00e1rid\u0151napl\u00f3"},"content":{"rendered":"<p>Az egyedi hat\u00e1rid\u0151napl\u00f3\u00a0<strong>garant\u00e1lt siker<\/strong>, hiszen b\u00e1rhov\u00e1 mag\u00e1val vihet\u0151 \u00e9s a munk\u00e1val t\u00f6lt\u00f6tt rohan\u00e1sban is kedves perceket szerez a tulajdonos\u00e1nak.<\/p>\n<p>R\u00e1ad\u00e1sul nem egy polcon porosodik, hanem <strong>minden egyes nap haszn\u00e1latban lesz<\/strong>, egy oldalp\u00e1ron egy eg\u00e9sz h\u00e9t \u00f6sszes bejegyz\u00e9se k\u00f6nnyen \u00e1tl\u00e1that\u00f3.<\/p>\n<h5><strong>K\u00edv\u00fcl-bel\u00fcl egyedi, 54 bels\u0151 fot\u00f3val! <\/strong><\/h5>\n<p>&nbsp;<br \/>\n\t\t\t\t<a href=\"https:\/\/egyedi.eu\/hatn\/egyedi-hataridonaplo\/minta-egyedi-hataridonaplo\/\"><br \/>\n\t\t\t\t<\/a><\/p>\n<h3>\n\t\t\t\t\t<a href=\"https:\/\/egyedi.eu\/hatn\/egyedi-hataridonaplo\/minta-egyedi-hataridonaplo\/\">Mint\u00e1k<\/a><br \/>\n\t\t\t\t<\/h3>\n<\/p>\n<p>\t\t\t\t<a href=\"https:\/\/egyedi.eu\/hatn\/egyedi-hataridonaplo\/tipusok-egyedi-hataridonaplo-2\/\"><br \/>\n\t\t\t\t<\/a><\/p>\n<h3>\n\t\t\t\t\t<a href=\"https:\/\/egyedi.eu\/hatn\/egyedi-hataridonaplo\/tipusok-egyedi-hataridonaplo-2\/\">T\u00edpusok<\/a><br \/>\n\t\t\t\t<\/h3>\n<\/p>\n<p>\t\t\t\t<a href=\"https:\/\/egyedi.eu\/hatn\/egyedi-hataridonaplo\/arak-egyedi-hataridonaplo\/\"><br \/>\n\t\t\t\t<\/a><\/p>\n<h3>\n\t\t\t\t\t<a href=\"https:\/\/egyedi.eu\/hatn\/egyedi-hataridonaplo\/arak-egyedi-hataridonaplo\/\">\u00c1rak<\/a><br \/>\n\t\t\t\t<\/h3>\n<\/p>\n<p>\t\t\t\t<a href=\"https:\/\/egyedi.eu\/hatn\/egyedi-hataridonaplo\/technikai-infok-egyedi-hataridonaplo\/\"><br \/>\n\t\t\t\t<\/a><\/p>\n<h3>\n\t\t\t\t\t<a href=\"https:\/\/egyedi.eu\/hatn\/egyedi-hataridonaplo\/technikai-infok-egyedi-hataridonaplo\/\">Inf\u00f3k<\/a><br \/>\n\t\t\t\t<\/h3>\n<\/p>\n<p>\t\t\t\t<a href=\"https:\/\/egyedi.eu\/hatn\/egyedi-hataridonaplo\/boritoanyagok\/\"><br \/>\n\t\t\t\t<\/a><\/p>\n<h3>\n\t\t\t\t\t<a href=\"https:\/\/egyedi.eu\/hatn\/egyedi-hataridonaplo\/boritoanyagok\/\">Bor\u00edt\u00f3k<\/a><br \/>\n\t\t\t\t<\/h3>\n<\/p>\n<figure>\n\t\t\t\t\t\t\t\t\t\t\t<a href=\"https:\/\/egyedi.eu\/hatn\/wp-content\/uploads\/2018\/08\/08-k.jpg\" data-elementor-open-lightbox=\"default\"><br \/>\n\t\t\t\t\t\t\t<img loading=\"lazy\" width=\"1024\" height=\"683\" src=\"https:\/\/egyedi.eu\/hatn\/wp-content\/uploads\/2018\/08\/08-k-1024x683.jpg\" alt=\"08-k\" srcset=\"https:\/\/egyedi.eu\/hatn\/wp-content\/uploads\/2018\/08\/08-k.jpg 1024w, https:\/\/egyedi.eu\/hatn\/wp-content\/uploads\/2018\/08\/08-k-300x200.jpg 300w, https:\/\/egyedi.eu\/hatn\/wp-content\/uploads\/2018\/08\/08-k-768x512.jpg 768w, https:\/\/egyedi.eu\/hatn\/wp-content\/uploads\/2018\/08\/08-k-272x182.jpg 272w\" sizes=\"(max-width: 1024px) 100vw, 1024px\" \/>\t\t\t\t\t\t\t\t<\/a><figcaption>Egyedi hat\u00e1rid\u0151napl\u00f3<\/figcaption><\/figure>\n","protected":false},"excerpt":{"rendered":"<p>Az egyedi hat\u00e1rid\u0151napl\u00f3\u00a0garant\u00e1lt siker, hiszen b\u00e1rhov\u00e1 mag\u00e1val vihet\u0151 \u00e9s a munk\u00e1val t\u00f6lt\u00f6tt [&hellip;]<\/p>\n","protected":false},"author":1,"featured_media":0,"parent":0,"menu_order":0,"comment_status":"closed","ping_status":"closed","template":"","meta":[],"_links":{"self":[{"href":"https:\/\/egyedi.eu\/hatn\/wp-json\/wp\/v2\/pages\/37"}],"collection":[{"href":"https:\/\/egyedi.eu\/hatn\/wp-json\/wp\/v2\/pages"}],"about":[{"href":"https:\/\/egyedi.eu\/hatn\/wp-json\/wp\/v2\/types\/page"}],"author":[{"embeddable":true,"href":"https:\/\/egyedi.eu\/hatn\/wp-json\/wp\/v2\/users\/1"}],"replies":[{"embeddable":true,"href":"https:\/\/egyedi.eu\/hatn\/wp-json\/wp\/v2\/comments?post=37"}],"version-history":[{"count":8,"href":"https:\/\/egyedi.eu\/hatn\/wp-json\/wp\/v2\/pages\/37\/revisions"}],"predecessor-version":[{"id":486,"href":"https:\/\/egyedi.eu\/hatn\/wp-json\/wp\/v2\/pages\/37\/revisions\/486"}],"wp:attachment":[{"href":"https:\/\/egyedi.eu\/hatn\/wp-json\/wp\/v2\/media?parent=37"}],"curies":[{"name":"wp","href":"https:\/\/api.w.org\/{rel}","templated":true}]}}