{"id":39,"date":"2018-08-02T14:43:43","date_gmt":"2018-08-02T14:43:43","guid":{"rendered":"https:\/\/egyedi.eu\/hatn2\/?page_id=39"},"modified":"2025-10-16T14:56:00","modified_gmt":"2025-10-16T14:56:00","slug":"arak-egyedi-hataridonaplo","status":"publish","type":"page","link":"https:\/\/egyedi.eu\/hatn\/egyedi-hataridonaplo\/arak-egyedi-hataridonaplo\/","title":{"rendered":"Egyedi hat\u00e1rid\u0151napl\u00f3 \u00e1rak:"},"content":{"rendered":"\n<p class=\"has-medium-font-size\"><\/p>\n\n\n\n<h2 class=\"wpsm_comptable_shortcode_echo\">Heti kioszt\u00e1s\u00fa egyedi hat\u00e1rid\u0151napl\u00f3<\/h2>\n\n\n\n<h5 class=\"wpsm_comptable_shortcode_echo\">(standard, nagyfot\u00f3s, kombin\u00e1lt, extra, \u00e9s extra-12 t\u00edpus\u00fa egyedi hat\u00e1rid\u0151napl\u00f3)<\/h5>\n\n\n\n<p>Az egyedi hat\u00e1rid\u0151napl\u00f3 \u00e1rak brutt\u00f3 \u00e1rak, \u00e9s Ft\/db \u00e1ron \u00e9rtend\u0151k. <br>Az \u00e1rak friss\u00edtve: 2025.10.16.<\/p>\n\n\n\n<table>\n\n  <tbody><tr>\n    <th rowspan=\"2\" bgcolor=\"#FFFFCC\"><div align=\"center\">Db.<\/div>      <div align=\"center\"><\/div><\/th>\n    <th colspan=\"2\" bgcolor=\"#FFCC99\"><div align=\"center\">A\/6<\/div>      <div align=\"center\"><\/div><\/th>\n    <th colspan=\"2\" bgcolor=\"#FFCC99\"><div align=\"center\">A\/5<\/div>      <div align=\"center\"><\/div><\/th>\n    <th colspan=\"2\" bgcolor=\"#FFCC99\"><div align=\"center\">A\/4<\/div>      <div align=\"center\"><\/div><\/th>\n  <\/tr>\n  <tr>\n    <th bgcolor=\"#FFFFCC\"> <div align=\"center\">Fot\u00f3s<\/div><\/th>\n    <th bgcolor=\"#FFFFCC\"><div align=\"center\">Fot\u00f3 n\u00e9lk.<\/div><\/th>\n    <th bgcolor=\"#FFFFCC\"><div align=\"center\"> Fot\u00f3s<\/div><\/th>\n    <th bgcolor=\"#FFFFCC\"><div align=\"center\">Fot\u00f3 n\u00e9lk.<\/div><\/th>\n    <th bgcolor=\"#FFFFCC\"><div align=\"center\"> Fot\u00f3s<\/div><\/th>\n    <th bgcolor=\"#FFFFCC\"><div align=\"center\">Fot\u00f3 n\u00e9lk.<\/div><\/th>\n  <\/tr>\n  <tr>\n    <td bgcolor=\"#FFFFCC\"><div align=\"center\"><b>1<\/b><\/div><\/td>\n    <td><div align=\"center\">14.000<\/div><\/td>\n    <td><div align=\"center\">10.000<\/div><\/td>\n    <td bgcolor=\"#CCFFCC\"><div align=\"center\">15.000<\/div><\/td>\n    <td><div align=\"center\">11.000<\/div><\/td>\n    <td><div align=\"center\">25.000<\/div><\/td>\n    <td><div align=\"center\">20.000<\/div><\/td>\n  <\/tr>\n  <tr>\n    <td bgcolor=\"#FFFFCC\"><div align=\"center\"><b>2<\/b><\/div><\/td>\n    <td><div align=\"center\">12.600<\/div><\/td>\n    <td> <div align=\"center\">9500<\/div><\/td>\n    <td> <div align=\"center\">13.500<\/div><\/td>\n    <td> <div align=\"center\">10.450<\/div><\/td>\n    <td> <div align=\"center\">22.500<\/div><\/td>\n    <td> <div align=\"center\">19.000<\/div><\/td>\n  <\/tr>\n  <tr>\n    <td bgcolor=\"#FFFFCC\"><div align=\"center\"><b>3<\/b><\/div><\/td>\n    <td><div align=\"center\">11.200<\/div><\/td>\n    <td> <div align=\"center\">9000<\/div><\/td>\n    <td> <div align=\"center\">12.000<\/div><\/td>\n    <td> <div align=\"center\">9900<\/div><\/td>\n    <td> <div align=\"center\">20.000<\/div><\/td>\n    <td> <div align=\"center\">18.000<\/div><\/td>\n  <\/tr>\n  <tr>\n    <td bgcolor=\"#FFFFCC\"><div align=\"center\"><b>5<\/b><\/div><\/td>\n    <td><div align=\"center\">8400<\/div><\/td>\n    <td> <div align=\"center\">7000<\/div><\/td>\n    <td> <div align=\"center\">9000<\/div><\/td>\n    <td> <div align=\"center\">7700<\/div><\/td>\n    <td> <div align=\"center\">15.000<\/div><\/td>\n    <td> <div align=\"center\">14.000<\/div><\/td>\n  <\/tr>\n  <tr>\n    <td bgcolor=\"#FFFFCC\"><div align=\"center\"><b>10<\/b><\/div><\/td>\n    <td><div align=\"center\">7000<\/div><\/td>\n    <td> <div align=\"center\">6000<\/div><\/td>\n    <td> <div align=\"center\">7500<\/div><\/td>\n    <td> <div align=\"center\">6600<\/div><\/td>\n    <td> <div align=\"center\">12.500<\/div><\/td>\n    <td> <div align=\"center\">12.000<\/div><\/td>\n  <\/tr>\n  <tr>\n    <td bgcolor=\"#FFFFCC\"><div align=\"center\"><b>20<\/b><\/div><\/td>\n    <td><div align=\"center\">5600<\/div><\/td>\n    <td> <div align=\"center\">4500<\/div><\/td>\n    <td> <div align=\"center\">6000<\/div><\/td>\n    <td> <div align=\"center\">4950<\/div><\/td>\n    <td> <div align=\"center\">10.000<\/div><\/td>\n    <td> <div align=\"center\">9000<\/div><\/td>\n  <\/tr>\n  <tr>\n    <td bgcolor=\"#FFFFCC\"><div align=\"center\"><b>30<\/b><\/div><\/td>\n    <td><div align=\"center\">4900<\/div><\/td>\n    <td> <div align=\"center\">4000<\/div><\/td>\n    <td> <div align=\"center\">5250<\/div><\/td>\n    <td> <div align=\"center\">4400<\/div><\/td>\n    <td> <div align=\"center\">8750<\/div><\/td>\n    <td> <div align=\"center\">8000<\/div><\/td>\n  <\/tr>\n  <tr>\n    <td bgcolor=\"#FFFFCC\"><div align=\"center\"><b>50<\/b><\/div><\/td>\n    <td><div align=\"center\">4200 <\/div><\/td>\n    <td> <div align=\"center\">3500<\/div><\/td>\n    <td> <div align=\"center\">4500<\/div><\/td>\n    <td> <div align=\"center\">3850<\/div><\/td>\n    <td> <div align=\"center\">7500<\/div><\/td>\n    <td> <div align=\"center\">7000<\/div><\/td>\n  <\/tr>\n  <tr>\n    <td bgcolor=\"#FFFFCC\"><div align=\"center\"><b>100<\/b><\/div><\/td>\n    <td><div align=\"center\">3500 <\/div><\/td>\n    <td> <div align=\"center\">3000<\/div><\/td>\n    <td> <div align=\"center\">3750<\/div><\/td>\n    <td> <div align=\"center\">3300<\/div><\/td>\n    <td> <div align=\"center\">6250<\/div><\/td>\n    <td> <div align=\"center\">6000<\/div><\/td>\n  <\/tr>\n<\/tbody><\/table>\n\n\n\n\n<h2>Napi kioszt\u00e1s\u00fa egyedi hat\u00e1rid\u0151napl\u00f3<\/h2>\n\n\n\n<p> Az \u00e1rak brutt\u00f3 \u00e1rak, \u00e9s Ft\/db \u00e1ron \u00e9rtend\u0151k. <br> Az egyedi hat\u00e1rid\u0151napl\u00f3 \u00e1rak brutt\u00f3 \u00e1rak, \u00e9s Ft\/db \u00e1ron \u00e9rtend\u0151k. <br> Az \u00e1rak friss\u00edtve: 2025.10.16.  <\/p>\n\n\n\n<table>\n\n  <tbody><tr>\n    <th rowspan=\"2\" bgcolor=\"#FFFFCC\"><div align=\"center\">Db.<\/div>      <div align=\"center\"><\/div><\/th>\n    <th colspan=\"2\" bgcolor=\"#FFCC99\"><div align=\"center\">A\/5<\/div>      <div align=\"center\"><\/div>\n    <div align=\"center\"><\/div>      <div align=\"center\"><\/div><\/th>\n    <th bgcolor=\"#FFCC99\">\u00d6r\u00f6k A5<\/th>\n    <th colspan=\"2\" bgcolor=\"#FFCC99\">A\/4<\/th>\n  <\/tr>\n  <tr>\n    <th bgcolor=\"#FFFFCC\"> <div align=\"center\">Fot\u00f3s<\/div><\/th>\n    <th bgcolor=\"#FFFFCC\"><div align=\"center\">Fot\u00f3 n\u00e9lk.<\/div><\/th>\n    <th bgcolor=\"#FFFFCC\"><div align=\"center\">Fot\u00f3 n\u00e9lk.<\/div><\/th>\n    <th bgcolor=\"#FFFFCC\"><div align=\"center\"> Fot\u00f3s<\/div><\/th>\n    <th bgcolor=\"#FFFFCC\"><div align=\"center\">Fot\u00f3 n\u00e9lk.<\/div><\/th>\n  <\/tr>\n  <tr>\n    <td bgcolor=\"#FFFFCC\"><div align=\"center\"><b>1<\/b><\/div><\/td>\n    <td bgcolor=\"#CCFFCC\"><div align=\"center\">25.000<\/div><\/td>\n    <td><div align=\"center\">20.000<\/div><\/td>\n    <td><div align=\"center\">18.000&nbsp;<\/div><\/td>\n    <td><div align=\"center\">37.000<\/div><\/td>\n    <td><div align=\"center\">30.000<\/div><\/td>\n  <\/tr>\n  <tr>\n    <td bgcolor=\"#FFFFCC\"><div align=\"center\"><b>2<\/b><\/div><\/td>\n    <td><div align=\"center\">22.500<\/div><\/td>\n    <td> <div align=\"center\">19.000<\/div><\/td>\n    <td><div align=\"center\">17.100<\/div><\/td>\n    <td> <div align=\"center\">33.300<\/div><\/td>\n    <td> <div align=\"center\">28.500<\/div><\/td>\n  <\/tr>\n  <tr>\n    <td bgcolor=\"#FFFFCC\"><div align=\"center\"><b>3<\/b><\/div><\/td>\n    <td><div align=\"center\">20.000<\/div><\/td>\n    <td> <div align=\"center\">18.000<\/div><\/td>\n    <td><div align=\"center\">16.200<\/div><\/td>\n    <td> <div align=\"center\">29.600<\/div><\/td>\n    <td> <div align=\"center\">27.000<\/div><\/td>\n  <\/tr>\n  <tr>\n    <td bgcolor=\"#FFFFCC\"><div align=\"center\"><b>5<\/b><\/div><\/td>\n    <td><div align=\"center\">15.000<\/div><\/td>\n    <td> <div align=\"center\">14.000<\/div><\/td>\n    <td><div align=\"center\">12.600<\/div><\/td>\n    <td> <div align=\"center\">22.200<\/div><\/td>\n    <td> <div align=\"center\">21.000<\/div><\/td>\n  <\/tr>\n  <tr>\n    <td bgcolor=\"#FFFFCC\"><div align=\"center\"><b>10<\/b><\/div><\/td>\n    <td><div align=\"center\">12.500<\/div><\/td>\n    <td> <div align=\"center\">12.000<\/div><\/td>\n    <td><div align=\"center\">10.800<\/div><\/td>\n    <td> <div align=\"center\">18.500<\/div><\/td>\n    <td> <div align=\"center\">18.000<\/div><\/td>\n  <\/tr>\n  <tr>\n    <td bgcolor=\"#FFFFCC\"><div align=\"center\"><b>20<\/b><\/div><\/td>\n    <td><div align=\"center\">10.000<\/div><\/td>\n    <td> <div align=\"center\">9000<\/div><\/td>\n    <td><div align=\"center\">8100<\/div><\/td>\n    <td> <div align=\"center\">14.800<\/div><\/td>\n    <td> <div align=\"center\">13.500<\/div><\/td>\n  <\/tr>\n  <tr>\n    <td bgcolor=\"#FFFFCC\"><div align=\"center\"><b>30<\/b><\/div><\/td>\n    <td><div align=\"center\">8750<\/div><\/td>\n    <td> <div align=\"center\">8000<\/div><\/td>\n    <td><div align=\"center\">7200<\/div><\/td>\n    <td> <div align=\"center\">12.950<\/div><\/td>\n    <td> <div align=\"center\">12.000<\/div><\/td>\n  <\/tr>\n  <tr>\n    <td bgcolor=\"#FFFFCC\"><div align=\"center\"><b>50<\/b><\/div><\/td>\n    <td><div align=\"center\">7500<\/div><\/td>\n    <td> <div align=\"center\">7000<\/div><\/td>\n    <td><div align=\"center\">6300<\/div><\/td>\n    <td> <div align=\"center\">11.100<\/div><\/td>\n    <td> <div align=\"center\">10.500<\/div><\/td>\n  <\/tr>\n  <tr>\n    <td bgcolor=\"#FFFFCC\"><div align=\"center\"><b>100<\/b><\/div><\/td>\n    <td><div align=\"center\">6250<\/div><\/td>\n    <td> <div align=\"center\">6000<\/div><\/td>\n    <td><div align=\"center\">5400<\/div><\/td>\n    <td> <div align=\"center\">9250<\/div><\/td>\n    <td> <div align=\"center\">9000<\/div><\/td>\n  <\/tr>\n<\/tbody><\/table>\n\n\n\n<div class=\"column\">&nbsp;<\/div>\n\n\n\n<div>\n<h2>Fel\u00e1rak, kisz\u00e1ll\u00edt\u00e1s<\/h2>\n<\/div>\n\n\n\n<p> Az \u00e1rak brutt\u00f3 \u00e1rak, \u00e9s Ft\/db \u00e1ron \u00e9rtend\u0151k. <br> Az egyedi hat\u00e1rid\u0151napl\u00f3 \u00e1rak brutt\u00f3 \u00e1rak, \u00e9s Ft\/db \u00e1ron \u00e9rtend\u0151k. <br>(Nem kell kuponk\u00f3dot k\u00fcl\u00f6n be\u00edrni.)  <\/p>\n\n\n\n<table>\n\n  <tbody><tr>\n    <td bgcolor=\"#FFFFCC\"><div align=\"center\"><b>Sz\u00ednes, f\u00f3li\u00e1zott fot\u00f3s bor\u00edt\u00f3<\/b><\/div><\/td>\n    <td><div align=\"center\">&nbsp;<\/div><\/td>\n    <td><div align=\"center\">+1500\/k\u00f6nyv (minden m\u00e9retben)<\/div><\/td>\n  <\/tr>\n  <tr>\n    <td bgcolor=\"#FFFFCC\"><div align=\"center\"><b>Fot\u00f3s bor\u00edt\u00f3ra extra sz\u00f6veg <\/b>(az \u00e9vsz\u00e1mon k\u00edv\u00fcl)<\/div><\/td>\n    <td><div align=\"center\">&nbsp;<\/div><\/td>\n    <td> <div align=\"center\">+1000<\/div><\/td>\n  <\/tr>\n  <tr>\n    <td rowspan=\"5\" bgcolor=\"#FFFFCC\"><div align=\"center\"><b>Kisz\u00e1ll\u00edt\u00e1s<\/b><\/div>      <div align=\"center\"><\/div><\/td>\n    <td><div align=\"center\">A\/5 heti \u00e9s A\/6 m\u00e9retben<\/div><\/td>\n    <td> <div align=\"center\">\n      <p>+1500<\/p>\n    <\/div><\/td>\n  <\/tr>\n  <tr>\n    <td><div align=\"center\">A\/5 napi, \u00e9s A\/4 heti m\u00e9retben&nbsp;<\/div><\/td>\n    <td> <div align=\"center\">+2200<\/div><\/td>\n  <\/tr>\n  <tr>\n    <td><div align=\"center\">A\/4 napi m\u00e9retben<\/div><\/td>\n    <td> <div align=\"center\">+3000<\/div><\/td>\n  <\/tr>\n  <tr>\n    <td><div align=\"center\">Egyedi napt\u00e1r &nbsp;<\/div><\/td>\n    <td> <div align=\"center\">+1500<\/div><\/td>\n  <\/tr>\n  <tr>\n    <td><div align=\"center\">K\u00f6ny\u00f6kl\u0151&nbsp;<\/div><\/td>\n    <td> <div align=\"center\">+2000<\/div><\/td>\n  <\/tr>\n  <tr>\n    <td bgcolor=\"#FFFFCC\"><div align=\"center\"><b>Van\u00edlia pap\u00edr<\/b><\/div><\/td>\n    <td><div align=\"center\">&nbsp;Minden m\u00e9retben<\/div><\/td>\n    <td> <div align=\"center\">+1000\/k\u00f6nyv<\/div><\/td>\n  <\/tr>\n  <tr>\n    <td bgcolor=\"#FFFFCC\"><div align=\"center\"><b>Jelz\u0151szalag<\/b><\/div><\/td>\n    <td><div align=\"center\">&nbsp;Minden m\u00e9retben&nbsp;<\/div><\/td>\n    <td> <div align=\"center\">+500\/k\u00f6nyv<\/div><\/td>\n  <\/tr>\n  <tr>\n    <td bgcolor=\"#FFFFCC\"><div align=\"center\"><b>\u00d3rabeoszt\u00e1s m\u00f3dos\u00edt\u00e1s<\/b><\/div><\/td>\n    <td><div align=\"center\">&nbsp;(Csak az \u00f3r\u00e1k v\u00e1ltoznak, az elrendez\u00e9s nem.)<\/div><\/td>\n    <td> <div align=\"center\">+5000<\/div><\/td>\n  <\/tr>\n  <tr>\n    <td bgcolor=\"#FFFFCC\"><div align=\"center\"><b>Mont\u00e1zs szerkeszt\u00e9s fot\u00f3s bor\u00edt\u00f3ra<\/b><\/div><\/td>\n    <td><div align=\"center\">&nbsp;<\/div><\/td>\n    <td> <div align=\"center\">+5000<\/div><\/td>\n  <\/tr>\n<\/tbody><\/table>\n\n\n\n<p>Tov\u00e1bbi ig\u00e9nyek eset\u00e9n, k\u00e9rj\u00fck e-mailben k\u00e9rjen aj\u00e1nlatot az <a href=\"mailto:info@egyedi.eu\">info@egyedi.eu<\/a> e-mail c\u00edmen.<\/p>\n","protected":false},"excerpt":{"rendered":"<p>Heti kioszt\u00e1s\u00fa egyedi hat\u00e1rid\u0151napl\u00f3 (standard, nagyfot\u00f3s, kombin\u00e1lt, extra, \u00e9s extra-12 t\u00edpus\u00fa egyedi [&hellip;]<\/p>\n","protected":false},"author":1,"featured_media":0,"parent":37,"menu_order":0,"comment_status":"closed","ping_status":"closed","template":"","meta":[],"_links":{"self":[{"href":"https:\/\/egyedi.eu\/hatn\/wp-json\/wp\/v2\/pages\/39"}],"collection":[{"href":"https:\/\/egyedi.eu\/hatn\/wp-json\/wp\/v2\/pages"}],"about":[{"href":"https:\/\/egyedi.eu\/hatn\/wp-json\/wp\/v2\/types\/page"}],"author":[{"embeddable":true,"href":"https:\/\/egyedi.eu\/hatn\/wp-json\/wp\/v2\/users\/1"}],"replies":[{"embeddable":true,"href":"https:\/\/egyedi.eu\/hatn\/wp-json\/wp\/v2\/comments?post=39"}],"version-history":[{"count":50,"href":"https:\/\/egyedi.eu\/hatn\/wp-json\/wp\/v2\/pages\/39\/revisions"}],"predecessor-version":[{"id":944,"href":"https:\/\/egyedi.eu\/hatn\/wp-json\/wp\/v2\/pages\/39\/revisions\/944"}],"up":[{"embeddable":true,"href":"https:\/\/egyedi.eu\/hatn\/wp-json\/wp\/v2\/pages\/37"}],"wp:attachment":[{"href":"https:\/\/egyedi.eu\/hatn\/wp-json\/wp\/v2\/media?parent=39"}],"curies":[{"name":"wp","href":"https:\/\/api.w.org\/{rel}","templated":true}]}}