{"id":43,"date":"2018-08-02T14:44:42","date_gmt":"2018-08-02T14:44:42","guid":{"rendered":"https:\/\/egyedi.eu\/hatn2\/?page_id=43"},"modified":"2018-08-18T16:55:46","modified_gmt":"2018-08-18T16:55:46","slug":"egyedi-konyoklo","status":"publish","type":"page","link":"https:\/\/egyedi.eu\/hatn\/egyedi-konyoklo\/","title":{"rendered":"Egyedi k\u00f6ny\u00f6kl\u0151"},"content":{"rendered":"<p>Az <strong>egyedi k\u00f6ny\u00f6kl\u0151vel<\/strong> egy igaz\u00e1n k\u00fcl\u00f6nleges \u00e9s hasznos aj\u00e1nd\u00e9kot adhat, hiszen ki ne szeretne az \u00edr\u00f3asztal\u00e1n\u00e1l jegyzetelni? Az egyedi k\u00f6ny\u00f6kl\u0151 pont erre val\u00f3, r\u00e1ad\u00e1sul szerettei k\u00e9p\u00e9re pillantva sok kellemes percet szerezhet nap, mint nap.<br \/>\n53 fot\u00f3b\u00f3l k\u00e9sz\u00fcl, \u00edgy minden h\u00e9ten m\u00e1s k\u00e9pet n\u00e9zeget a tulajdonosa.<br \/>\nAz egyedi k\u00f6ny\u00f6kl\u0151vel<strong> garant\u00e1lt a siker az aj\u00e1nd\u00e9koz\u00e1s sor\u00e1n<\/strong>, ak\u00e1r sz\u00fclet\u00e9snap, n\u00e9vnap, kar\u00e1csony, vagy \u00e9vfordul\u00f3 kapcs\u00e1n adja, nagy meglepet\u00e9st okoz vele. A <strong>leghasznosabb<\/strong> \u00edr\u00f3asztalra val\u00f3 <strong>egyedi aj\u00e1nd\u00e9k<\/strong>!<br \/>\n\t\t\t\t<a href=\"https:\/\/egyedi.eu\/hatn\/egyedi-konyoklo\/infok-egyedi-konyoklo\/\"><br \/>\n\t\t\t\t<\/a><\/p>\n<h3>\n\t\t\t\t\t<a href=\"https:\/\/egyedi.eu\/hatn\/egyedi-konyoklo\/infok-egyedi-konyoklo\/\">Technikai inf\u00f3k<\/a><br \/>\n\t\t\t\t<\/h3>\n<\/p>\n<p>\t\t\t\t<a href=\"https:\/\/egyedi.eu\/hatn\/egyedi-konyoklo\/arak-egyedi-konyoklo\/\"><br \/>\n\t\t\t\t<\/a><\/p>\n<h3>\n\t\t\t\t\t<a href=\"https:\/\/egyedi.eu\/hatn\/egyedi-konyoklo\/arak-egyedi-konyoklo\/\">\u00c1rak<\/a><br \/>\n\t\t\t\t<\/h3><\/p>\n","protected":false},"excerpt":{"rendered":"<p>Az egyedi k\u00f6ny\u00f6kl\u0151vel egy igaz\u00e1n k\u00fcl\u00f6nleges \u00e9s hasznos aj\u00e1nd\u00e9kot adhat, hiszen ki [&hellip;]<\/p>\n","protected":false},"author":1,"featured_media":0,"parent":0,"menu_order":0,"comment_status":"closed","ping_status":"closed","template":"","meta":[],"_links":{"self":[{"href":"https:\/\/egyedi.eu\/hatn\/wp-json\/wp\/v2\/pages\/43"}],"collection":[{"href":"https:\/\/egyedi.eu\/hatn\/wp-json\/wp\/v2\/pages"}],"about":[{"href":"https:\/\/egyedi.eu\/hatn\/wp-json\/wp\/v2\/types\/page"}],"author":[{"embeddable":true,"href":"https:\/\/egyedi.eu\/hatn\/wp-json\/wp\/v2\/users\/1"}],"replies":[{"embeddable":true,"href":"https:\/\/egyedi.eu\/hatn\/wp-json\/wp\/v2\/comments?post=43"}],"version-history":[{"count":4,"href":"https:\/\/egyedi.eu\/hatn\/wp-json\/wp\/v2\/pages\/43\/revisions"}],"predecessor-version":[{"id":250,"href":"https:\/\/egyedi.eu\/hatn\/wp-json\/wp\/v2\/pages\/43\/revisions\/250"}],"wp:attachment":[{"href":"https:\/\/egyedi.eu\/hatn\/wp-json\/wp\/v2\/media?parent=43"}],"curies":[{"name":"wp","href":"https:\/\/api.w.org\/{rel}","templated":true}]}}