{"id":45,"date":"2018-08-02T14:45:13","date_gmt":"2018-08-02T14:45:13","guid":{"rendered":"https:\/\/egyedi.eu\/hatn2\/?page_id=45"},"modified":"2018-08-18T17:28:55","modified_gmt":"2018-08-18T17:28:55","slug":"egyedi-naptar","status":"publish","type":"page","link":"https:\/\/egyedi.eu\/hatn\/egyedi-naptar\/","title":{"rendered":"Egyedi napt\u00e1r"},"content":{"rendered":"<p>Unja m\u00e1r az egyszer\u0171 falinapt\u00e1rakat? Vagy nem szeretn\u00e9 a fal\u00e1t sz\u00f6gekkel elcs\u00faf\u00edtani?<br \/>\nMegold\u00e1s az <strong>asztali kivitelez\u00e9s\u0171 egyedi napt\u00e1r<\/strong>, ami a <strong>heti kioszt\u00e1ssal<\/strong> m\u00e9g rendk\u00edv\u00fcl praktikusan haszn\u00e1lhat\u00f3 is. Ez a napt\u00e1r <strong>garant\u00e1ltan kellemes perceket<\/strong> szerez a haszn\u00e1lata sor\u00e1n, hiszen a kedves eml\u00e9keket nap, mint nap felid\u00e9zi.<br \/>\nCsemp\u00e9sszen a stresszes mindennapokba egy-k\u00e9t \u00f6r\u00f6mteli pillanatot!<br \/>\n\t\t\t\t<a href=\"https:\/\/egyedi.eu\/hatn\/egyedi-naptar\/infok-egyedi-asztali-naptar\/\"><br \/>\n\t\t\t\t<\/a><\/p>\n<h3>\n\t\t\t\t\t<a href=\"https:\/\/egyedi.eu\/hatn\/egyedi-naptar\/infok-egyedi-asztali-naptar\/\">Technikai inf\u00f3k<\/a><br \/>\n\t\t\t\t<\/h3>\n<\/p>\n<p>\t\t\t\t<a href=\"https:\/\/egyedi.eu\/hatn\/egyedi-naptar\/arak-egyedi-asztali-naptar\/\"><br \/>\n\t\t\t\t<\/a><\/p>\n<h3>\n\t\t\t\t\t<a href=\"https:\/\/egyedi.eu\/hatn\/egyedi-naptar\/arak-egyedi-asztali-naptar\/\">\u00c1rak<\/a><br \/>\n\t\t\t\t<\/h3><\/p>\n","protected":false},"excerpt":{"rendered":"<p>Unja m\u00e1r az egyszer\u0171 falinapt\u00e1rakat? Vagy nem szeretn\u00e9 a fal\u00e1t sz\u00f6gekkel elcs\u00faf\u00edtani? [&hellip;]<\/p>\n","protected":false},"author":1,"featured_media":0,"parent":0,"menu_order":0,"comment_status":"closed","ping_status":"closed","template":"","meta":[],"_links":{"self":[{"href":"https:\/\/egyedi.eu\/hatn\/wp-json\/wp\/v2\/pages\/45"}],"collection":[{"href":"https:\/\/egyedi.eu\/hatn\/wp-json\/wp\/v2\/pages"}],"about":[{"href":"https:\/\/egyedi.eu\/hatn\/wp-json\/wp\/v2\/types\/page"}],"author":[{"embeddable":true,"href":"https:\/\/egyedi.eu\/hatn\/wp-json\/wp\/v2\/users\/1"}],"replies":[{"embeddable":true,"href":"https:\/\/egyedi.eu\/hatn\/wp-json\/wp\/v2\/comments?post=45"}],"version-history":[{"count":3,"href":"https:\/\/egyedi.eu\/hatn\/wp-json\/wp\/v2\/pages\/45\/revisions"}],"predecessor-version":[{"id":262,"href":"https:\/\/egyedi.eu\/hatn\/wp-json\/wp\/v2\/pages\/45\/revisions\/262"}],"wp:attachment":[{"href":"https:\/\/egyedi.eu\/hatn\/wp-json\/wp\/v2\/media?parent=45"}],"curies":[{"name":"wp","href":"https:\/\/api.w.org\/{rel}","templated":true}]}}