{"id":498,"date":"2021-10-14T12:26:37","date_gmt":"2021-10-14T12:26:37","guid":{"rendered":"https:\/\/egyedi.eu\/hatn2\/?post_type=product&#038;p=498"},"modified":"2025-10-16T13:10:11","modified_gmt":"2025-10-16T13:10:11","slug":"egyedi-hataridonaplo","status":"publish","type":"product","link":"https:\/\/egyedi.eu\/hatn\/termek\/egyedi-hataridonaplo\/","title":{"rendered":"Egyedi Hat\u00e1rid\u0151napl\u00f3 &#8211; Bels\u0151 fot\u00f3val"},"content":{"rendered":"","protected":false},"excerpt":{"rendered":"","protected":false},"featured_media":142,"template":"","meta":[],"product_cat":[118],"product_tag":[],"_links":{"self":[{"href":"https:\/\/egyedi.eu\/hatn\/wp-json\/wp\/v2\/product\/498"}],"collection":[{"href":"https:\/\/egyedi.eu\/hatn\/wp-json\/wp\/v2\/product"}],"about":[{"href":"https:\/\/egyedi.eu\/hatn\/wp-json\/wp\/v2\/types\/product"}],"wp:featuredmedia":[{"embeddable":true,"href":"https:\/\/egyedi.eu\/hatn\/wp-json\/wp\/v2\/media\/142"}],"wp:attachment":[{"href":"https:\/\/egyedi.eu\/hatn\/wp-json\/wp\/v2\/media?parent=498"}],"wp:term":[{"taxonomy":"product_cat","embeddable":true,"href":"https:\/\/egyedi.eu\/hatn\/wp-json\/wp\/v2\/product_cat?post=498"},{"taxonomy":"product_tag","embeddable":true,"href":"https:\/\/egyedi.eu\/hatn\/wp-json\/wp\/v2\/product_tag?post=498"}],"curies":[{"name":"wp","href":"https:\/\/api.w.org\/{rel}","templated":true}]}}