{"id":556,"date":"2021-10-19T12:23:03","date_gmt":"2021-10-19T12:23:03","guid":{"rendered":"https:\/\/egyedi.eu\/hatn2\/?post_type=product&#038;p=556"},"modified":"2025-10-16T13:09:30","modified_gmt":"2025-10-16T13:09:30","slug":"egyedi-hataridonaplo-belso-foto-nelkul","status":"publish","type":"product","link":"https:\/\/egyedi.eu\/hatn\/termek\/egyedi-hataridonaplo-belso-foto-nelkul\/","title":{"rendered":"Egyedi Hat\u00e1rid\u0151napl\u00f3 &#8211; Bels\u0151 fot\u00f3 n\u00e9lk\u00fcl"},"content":{"rendered":"","protected":false},"excerpt":{"rendered":"","protected":false},"featured_media":142,"template":"","meta":[],"product_cat":[118],"product_tag":[],"_links":{"self":[{"href":"https:\/\/egyedi.eu\/hatn\/wp-json\/wp\/v2\/product\/556"}],"collection":[{"href":"https:\/\/egyedi.eu\/hatn\/wp-json\/wp\/v2\/product"}],"about":[{"href":"https:\/\/egyedi.eu\/hatn\/wp-json\/wp\/v2\/types\/product"}],"wp:featuredmedia":[{"embeddable":true,"href":"https:\/\/egyedi.eu\/hatn\/wp-json\/wp\/v2\/media\/142"}],"wp:attachment":[{"href":"https:\/\/egyedi.eu\/hatn\/wp-json\/wp\/v2\/media?parent=556"}],"wp:term":[{"taxonomy":"product_cat","embeddable":true,"href":"https:\/\/egyedi.eu\/hatn\/wp-json\/wp\/v2\/product_cat?post=556"},{"taxonomy":"product_tag","embeddable":true,"href":"https:\/\/egyedi.eu\/hatn\/wp-json\/wp\/v2\/product_tag?post=556"}],"curies":[{"name":"wp","href":"https:\/\/api.w.org\/{rel}","templated":true}]}}