{"id":572,"date":"2021-10-19T14:30:03","date_gmt":"2021-10-19T14:30:03","guid":{"rendered":"https:\/\/egyedi.eu\/hatn2\/?post_type=product&#038;p=572"},"modified":"2021-10-19T20:56:43","modified_gmt":"2021-10-19T20:56:43","slug":"extra-boritoszoveg","status":"publish","type":"product","link":"https:\/\/egyedi.eu\/hatn\/termek\/extra-boritoszoveg\/","title":{"rendered":"Extra bor\u00edt\u00f3sz\u00f6veg (Hat\u00e1rid\u0151napl\u00f3hoz)"},"content":{"rendered":"","protected":false},"excerpt":{"rendered":"","protected":false},"featured_media":0,"template":"","meta":[],"product_cat":[117],"product_tag":[],"_links":{"self":[{"href":"https:\/\/egyedi.eu\/hatn\/wp-json\/wp\/v2\/product\/572"}],"collection":[{"href":"https:\/\/egyedi.eu\/hatn\/wp-json\/wp\/v2\/product"}],"about":[{"href":"https:\/\/egyedi.eu\/hatn\/wp-json\/wp\/v2\/types\/product"}],"wp:attachment":[{"href":"https:\/\/egyedi.eu\/hatn\/wp-json\/wp\/v2\/media?parent=572"}],"wp:term":[{"taxonomy":"product_cat","embeddable":true,"href":"https:\/\/egyedi.eu\/hatn\/wp-json\/wp\/v2\/product_cat?post=572"},{"taxonomy":"product_tag","embeddable":true,"href":"https:\/\/egyedi.eu\/hatn\/wp-json\/wp\/v2\/product_tag?post=572"}],"curies":[{"name":"wp","href":"https:\/\/api.w.org\/{rel}","templated":true}]}}