{"id":573,"date":"2021-10-19T14:30:28","date_gmt":"2021-10-19T14:30:28","guid":{"rendered":"https:\/\/egyedi.eu\/hatn2\/?post_type=product&#038;p=573"},"modified":"2021-10-19T20:56:37","modified_gmt":"2021-10-19T20:56:37","slug":"montazs-szerkesztes","status":"publish","type":"product","link":"https:\/\/egyedi.eu\/hatn\/termek\/montazs-szerkesztes\/","title":{"rendered":"Mont\u00e1zs szerkeszt\u00e9s (Hat\u00e1rid\u0151napl\u00f3hoz)"},"content":{"rendered":"","protected":false},"excerpt":{"rendered":"","protected":false},"featured_media":0,"template":"","meta":[],"product_cat":[117],"product_tag":[],"_links":{"self":[{"href":"https:\/\/egyedi.eu\/hatn\/wp-json\/wp\/v2\/product\/573"}],"collection":[{"href":"https:\/\/egyedi.eu\/hatn\/wp-json\/wp\/v2\/product"}],"about":[{"href":"https:\/\/egyedi.eu\/hatn\/wp-json\/wp\/v2\/types\/product"}],"wp:attachment":[{"href":"https:\/\/egyedi.eu\/hatn\/wp-json\/wp\/v2\/media?parent=573"}],"wp:term":[{"taxonomy":"product_cat","embeddable":true,"href":"https:\/\/egyedi.eu\/hatn\/wp-json\/wp\/v2\/product_cat?post=573"},{"taxonomy":"product_tag","embeddable":true,"href":"https:\/\/egyedi.eu\/hatn\/wp-json\/wp\/v2\/product_tag?post=573"}],"curies":[{"name":"wp","href":"https:\/\/api.w.org\/{rel}","templated":true}]}}