{"id":574,"date":"2021-10-19T14:30:51","date_gmt":"2021-10-19T14:30:51","guid":{"rendered":"https:\/\/egyedi.eu\/hatn2\/?post_type=product&#038;p=574"},"modified":"2021-10-19T20:56:31","modified_gmt":"2021-10-19T20:56:31","slug":"orabeosztas-modositas","status":"publish","type":"product","link":"https:\/\/egyedi.eu\/hatn\/termek\/orabeosztas-modositas\/","title":{"rendered":"\u00d3rabeoszt\u00e1s m\u00f3dos\u00edt\u00e1s (Hat\u00e1rid\u0151napl\u00f3hoz)"},"content":{"rendered":"","protected":false},"excerpt":{"rendered":"","protected":false},"featured_media":0,"template":"","meta":[],"product_cat":[117],"product_tag":[],"_links":{"self":[{"href":"https:\/\/egyedi.eu\/hatn\/wp-json\/wp\/v2\/product\/574"}],"collection":[{"href":"https:\/\/egyedi.eu\/hatn\/wp-json\/wp\/v2\/product"}],"about":[{"href":"https:\/\/egyedi.eu\/hatn\/wp-json\/wp\/v2\/types\/product"}],"wp:attachment":[{"href":"https:\/\/egyedi.eu\/hatn\/wp-json\/wp\/v2\/media?parent=574"}],"wp:term":[{"taxonomy":"product_cat","embeddable":true,"href":"https:\/\/egyedi.eu\/hatn\/wp-json\/wp\/v2\/product_cat?post=574"},{"taxonomy":"product_tag","embeddable":true,"href":"https:\/\/egyedi.eu\/hatn\/wp-json\/wp\/v2\/product_tag?post=574"}],"curies":[{"name":"wp","href":"https:\/\/api.w.org\/{rel}","templated":true}]}}