{"id":585,"date":"2021-10-19T20:30:39","date_gmt":"2021-10-19T20:30:39","guid":{"rendered":"https:\/\/egyedi.eu\/hatn2\/?post_type=product&#038;p=585"},"modified":"2021-10-21T08:07:52","modified_gmt":"2021-10-21T08:07:52","slug":"egyedi-konyoklo","status":"publish","type":"product","link":"https:\/\/egyedi.eu\/hatn\/termek\/egyedi-konyoklo\/","title":{"rendered":"Egyedi K\u00f6ny\u00f6kl\u0151"},"content":{"rendered":"","protected":false},"excerpt":{"rendered":"","protected":false},"featured_media":143,"template":"","meta":[],"product_cat":[118],"product_tag":[],"_links":{"self":[{"href":"https:\/\/egyedi.eu\/hatn\/wp-json\/wp\/v2\/product\/585"}],"collection":[{"href":"https:\/\/egyedi.eu\/hatn\/wp-json\/wp\/v2\/product"}],"about":[{"href":"https:\/\/egyedi.eu\/hatn\/wp-json\/wp\/v2\/types\/product"}],"wp:featuredmedia":[{"embeddable":true,"href":"https:\/\/egyedi.eu\/hatn\/wp-json\/wp\/v2\/media\/143"}],"wp:attachment":[{"href":"https:\/\/egyedi.eu\/hatn\/wp-json\/wp\/v2\/media?parent=585"}],"wp:term":[{"taxonomy":"product_cat","embeddable":true,"href":"https:\/\/egyedi.eu\/hatn\/wp-json\/wp\/v2\/product_cat?post=585"},{"taxonomy":"product_tag","embeddable":true,"href":"https:\/\/egyedi.eu\/hatn\/wp-json\/wp\/v2\/product_tag?post=585"}],"curies":[{"name":"wp","href":"https:\/\/api.w.org\/{rel}","templated":true}]}}